{"id":566,"date":"2021-02-09T17:13:32","date_gmt":"2021-02-09T16:13:32","guid":{"rendered":"https:\/\/oli-de-mallorca.com\/?page_id=566"},"modified":"2021-02-09T17:13:33","modified_gmt":"2021-02-09T16:13:33","slug":"terminos-y-condiciones","status":"publish","type":"page","link":"https:\/\/oli-de-mallorca.com\/ca\/terminos-y-condiciones\/","title":{"rendered":"Terminos y Condiciones"},"content":{"rendered":"\n<h2 class=\"wp-block-heading\" id=\"h-1-general\">1.GENERAL<\/h2>\n\n\n\n<p>Los t\u00e9rminos y condiciones generales se aplican a todos los contratos, entregas y servicios. Todos los acuerdos colaterales o adiciones requieren nuestra confirmaci\u00f3n por escrito.<br>Finca Monnaber Nou SC solo acepta como validos los contratos con clientes:<\/p>\n\n\n\n<ul class=\"wp-block-list\"><li>con ilimitada capacidad jur\u00eddica de personas f\u00edsicas que han cumplido los 18 a\u00f1os de edad.<\/li><li>Personas legales con domicilio o sede en la comunidad europea.<\/li><\/ul>\n\n\n\n<p>Si accidentalmente se acepta el pedido de un cliente que no cumple los requisitos anteriores, la empresa tendr\u00e1 el derecho de rescindir el contrato en un plazo razonable teniendo en cuenta que los costos eventuales correr\u00e1n a cargo del cliente.<\/p>\n\n\n\n<p>Nos reservamos el derecho de excluir de nuestras listas a clientes que realicen compras ficticias, que no satisfagan el pago y tambi\u00e9n a los que devuelven repetidamente la mercanc\u00eda. Tambi\u00e9n podr\u00e1n ser excluidos del proceso de compra aquellos que rechacen sin raz\u00f3n la entrega del pedido u otras actividades que interrumpan el buen funcionamiento del sistema.<\/p>\n\n\n\n<h2 class=\"wp-block-heading\" id=\"h-2-ofertas\">2. OFERTAS<\/h2>\n\n\n\n<p>Nuestras ofertas son sin compromiso. Son posibles peque\u00f1as diferencias y cambios t\u00e9cnicos en comparaci\u00f3n con nuestras ilustraciones o descripcione. Nuestras ofertas s\u00f3lo son v\u00e1lidas durante el per\u00edodo indicado. Por error de impresi\u00f3n o texto no tenemos ninguna responsabilidad jur\u00eddica.<\/p>\n\n\n\n<h2 class=\"wp-block-heading\" id=\"h-3-conclusi-n-de-la-pol-tica-de-cancelaci-n-y-contrato\">3. CONCLUSI\u00d3N DE LA POL\u00cdTICA DE CANCELACI\u00d3N Y CONTRATO<\/h2>\n\n\n\n<p>El contrato se concluye por la aceptaci\u00f3n del pedido del cliente y la aceptaci\u00f3n de nuestros T\u00e9rminos y Condiciones a trav\u00e9s de Internet ( pedido online)<\/p>\n\n\n\n<p>El siguiente derecho de revocaci\u00f3n se aplica a alimentos No abiertos o usados.<br>Usted puede revocar su contrato dentro de dos semanas sin indicaci\u00f3n de motivos mediante el envio de fax o correo electr\u00f3nico a nuestra empresa o por la devoluci\u00f3n de los art\u00edculos. El per\u00edodo empieza con la terminaci\u00f3n del pedido online. La presentaci\u00f3n de la revocaci\u00f3n escrita se presentar\u00e1n a tiempo a las direcciones mencionadas m\u00e1s abajo y ser\u00e1 suficioente para salvaguardar el plazo de retirada.<br>Los gastos de env\u00edo correr\u00e1n a cargo del cliente a menos que este haya recibido mercanc\u00eda defectuosa o equivocada.<\/p>\n\n\n\n<p><strong>Direcciones para la revocaci\u00f3n escrita y devoluciones:<\/strong><br><\/p>\n\n\n\n<p>Finca Monnaber Nou SC<br>c.p.07130 campanet. Mallorca<br>Espa\u00f1a<br>CIF- J16555674<\/p>\n\n\n\n<p>Si la revocaci\u00f3n es v\u00e1lida los dos contratantes se comprometen a devolver su parte del contrato. Si el cliente no puede devolver la mercanc\u00eda con el embalaje original o solo lo puede hacer en un estado defectuoso se ver\u00e1 obligado a dar a Finca Monnaber Nou SC una compensaci\u00f3n. El cliente puede evitar esto comprobando primero la mercanc\u00eda sin da\u00f1ar el embalaje o su interior o abstenerse de hacer algo que reduzca su valor. El cliente tiene que comprobar que la mercanc\u00eda est\u00e1 en buen estado y completa.<br>Los productos frescos quedan excluidos del intercambio.<\/p>\n\n\n\n<h2 class=\"wp-block-heading\" id=\"h-4-reserva-de-disponibilidad\">4. RESERVA DE DISPONIBILIDAD<\/h2>\n\n\n\n<p>La empresa puede determinar, despu\u00e9s de la conclusi\u00f3n del contrato que las mercanc\u00edas pedidas ya no est\u00e1n disponibles o que no pueden ser suministradas, se reserva el derecho de ofrecer una mercanc\u00eda de igual calidad y precio o de rescindir el contrato En ese caso los pagos recibidos ser\u00e1n reembolsados inmediatamente despu\u00e9s de la revocaci\u00f3n del contrato.<\/p>\n\n\n\n<h2 class=\"wp-block-heading\" id=\"h-5-entregas-y-plazos-de-entrega\">5. ENTREGAS Y PLAZOS DE ENTREGA<\/h2>\n\n\n\n<p>Nos reservamos el derecho de hacer una entrega parcial si esto nos parece ventajoso para una pronta soluci\u00f3n.<br>La empresa busca mantener los plazos de entrega m\u00e1s cortos posibles, esto es de 2 a 8 d\u00edas. Si se produjera alg\u00fan retraso esto no influye en la aceptaci\u00f3n y los pagos de los art\u00edculos.<\/p>\n\n\n\n<h2 class=\"wp-block-heading\" id=\"h-6-precios-condiciones-de-pago-y-reserva-de-derechos-de-propiedad\">6. PRECIOS, CONDICIONES DE PAGO Y RESERVA DE DERECHOS DE PROPIEDAD<\/h2>\n\n\n\n<p>Todos los precios de la tienda son finales y contienen el IVA v\u00e1lido en d\u00eda de la facturaci\u00f3n. Si debido a un error de escritura o sistema en el precio del producto, autom\u00e1ticamente se aplicar\u00e1 el precio est\u00e1ndar o en su caso el de oferta.<\/p>\n\n\n\n<p>El pago de la mercanc\u00eda se produce en el momento de la compra y de la manera acordada a la confirmaci\u00f3n del producto, del pedido.<\/p>\n\n\n\n<h2 class=\"wp-block-heading\" id=\"h-7-garant-a-defectos\">7. GARANT\u00cdA \/ DEFECTOS<\/h2>\n\n\n\n<p>El cliente deber\u00e1 inspeccionar la mercanc\u00eda y comprobar que est\u00e9 completa y sin defectos en la entrega. Si no puede realizar en el momento dicha inspecci\u00f3n, el cliente con fecha y firma sobre el albar\u00e1n de entrega puede reservarse el derecho de inspeccionar la mercanc\u00eda con posterioridad. En caso de vicios ocultos, la comunicaci\u00f3n de dichos defectos se realizar\u00e1 inmediatamente despu\u00e9s de su detecci\u00f3n. En caso de un defecto el cliente puede solicitar la entrega de un producto libre de defectos o que la empresa aporte alguna soluci\u00f3n para remediarlo.<\/p>\n\n\n\n<h2 class=\"wp-block-heading\" id=\"h-8-transferencia-de-riesgo\">8. TRANSFERENCIA&nbsp;DE&nbsp;RIESGO<\/h2>\n\n\n\n<p>El riesgo pasa con el env\u00edo de la mercanc\u00eda al comprador.<\/p>\n\n\n\n<h2 class=\"wp-block-heading\" id=\"h-9-clausula-de-salvedad\">9. CLAUSULA DE SALVEDAD<\/h2>\n\n\n\n<p>La ineficacia de las disposiciones individuales no afectar\u00e1 a las dem\u00e1s disposiciones. Si un p\u00e1rrafo de estas condiciones se anula esto no afectar\u00e1 a los dem\u00e1s p\u00e1rrafos y el contrato se mantendr\u00e1 v\u00e1lido.<\/p>\n\n\n\n<h2 class=\"wp-block-heading\" id=\"h-10-instrucciones-para-el-almacenamiento-de-datos\">10. INSTRUCCIONES PARA EL ALMACENAMIENTO DE DATOS<\/h2>\n\n\n\n<p>De conformidad con la Ley Org\u00e1nica 15\/1999, de 13 de diciembre, de Protecci\u00f3n de Datos de Car\u00e1cter Personal y la Ley Org\u00e1nica 34\/2002 de Servicio de la Sociedad de la Informaci\u00f3n y el Comercio Electr\u00f3nico, Finca Monnaber Nou SC le informa de los siguientes aspectos: 1) los datos se\u00f1alados con (*) son de cumplimentaci\u00f3n obligatoria para tramitar su alta como Usuario de la Web, y 2) los datos personales que nos facilite ser\u00e1n incorporados a un fichero automatizado cuyo responsable es Finca Monnaber Nou SC con la \u00fanica finalidad de remitir informaci\u00f3n y ofertas de productos y\/o servicios adecu\u00e1ndolos a sus intereses o necesidades. El env\u00edo podr\u00e1 ser a trav\u00e9s de correo ordinario o correo electr\u00f3nico. Si no desea recibir informaci\u00f3n comercial desmarque las casillas correspondientes en el formulario de registro. Sus datos ser\u00e1n tratados confidencialmente y no se ceder\u00e1n a ninguna entidad ni persona f\u00edsica. Usted podr\u00e1 ejercer sus derechos de acceso, rectificaci\u00f3n, cancelaci\u00f3n u oposici\u00f3n mediante carta dirigida a Finca Monnaber Nou SC al domicilio arriba indicado, acompa\u00f1ando fotocopia de su DNI o documento an\u00e1logo.<\/p>\n\n\n\n<h2 class=\"wp-block-heading\" id=\"h-11-lugar-de-cumplimiento-y-tribunal-competente\">11. LUGAR DE CUMPLIMIENTO Y TRIBUNAL COMPETENTE<\/h2>\n\n\n\n<p>El cumplimiento es Soller\/Mallorca y el lugar de jurisdicci\u00f3n para ambas partes es Palma de Mallorca. Se aplica la ley espa\u00f1ola a todas las transacciones.<\/p>\n\n\n\n<h2 class=\"wp-block-heading\" id=\"h-12-derechos-de-los-medios-de-comunicaci-n\">12. derechos de los medios de comunicaci\u00f3n<\/h2>\n\n\n\n<p>El material fotogr\u00e1fico y de texto est\u00e1 sujeto a los derechos de autor de Finca Monnaber Nou SC. La reproducci\u00f3n (captura de pantalla), copia o transmisi\u00f3n de cualquier tipo est\u00e1 prohibida. Para obtener material de prensa por favor contacte con info@oli-de-mallorca.com .<\/p>\n","protected":false},"excerpt":{"rendered":"<p>1.GENERAL Los t\u00e9rminos y condiciones generales se aplican a todos los contratos, entregas y servicios. Todos los acuerdos colaterales o adiciones requieren nuestra confirmaci\u00f3n por escrito.Finca<span class=\"excerpt-hellip\"> [\u2026]<\/span><\/p>\n","protected":false},"author":1,"featured_media":0,"parent":0,"menu_order":0,"comment_status":"closed","ping_status":"closed","template":"","meta":{"footnotes":""},"class_list":["post-566","page","type-page","status-publish","hentry"],"yoast_head":"<!-- This site is optimized with the Yoast SEO plugin v27.3 - https:\/\/yoast.com\/product\/yoast-seo-wordpress\/ -->\n<title>Terminos y Condiciones - Oli de Mallorca | Aceite de oliva de Mallorca<\/title>\n<meta name=\"robots\" content=\"index, follow, max-snippet:-1, max-image-preview:large, max-video-preview:-1\" \/>\n<link rel=\"canonical\" href=\"https:\/\/oli-de-mallorca.com\/ca\/terminos-y-condiciones\/\" \/>\n<meta property=\"og:locale\" content=\"ca_ES\" \/>\n<meta property=\"og:type\" content=\"article\" \/>\n<meta property=\"og:title\" content=\"Terminos y Condiciones - Oli de Mallorca | Aceite de oliva de Mallorca\" \/>\n<meta property=\"og:description\" content=\"1.GENERAL Los t\u00e9rminos y condiciones generales se aplican a todos los contratos, entregas y servicios. Todos los acuerdos colaterales o adiciones requieren nuestra confirmaci\u00f3n por escrito.Finca [\u2026]\" \/>\n<meta property=\"og:url\" content=\"https:\/\/oli-de-mallorca.com\/ca\/terminos-y-condiciones\/\" \/>\n<meta property=\"og:site_name\" content=\"Oli de Mallorca | Aceite de oliva de Mallorca\" \/>\n<meta property=\"article:modified_time\" content=\"2021-02-09T16:13:33+00:00\" \/>\n<meta name=\"twitter:card\" content=\"summary_large_image\" \/>\n<meta name=\"twitter:label1\" content=\"Est. reading time\" \/>\n\t<meta name=\"twitter:data1\" content=\"6 minutes\" \/>\n<script type=\"application\/ld+json\" class=\"yoast-schema-graph\">{\"@context\":\"https:\\\/\\\/schema.org\",\"@graph\":[{\"@type\":\"WebPage\",\"@id\":\"https:\\\/\\\/oli-de-mallorca.com\\\/ca\\\/terminos-y-condiciones\\\/\",\"url\":\"https:\\\/\\\/oli-de-mallorca.com\\\/ca\\\/terminos-y-condiciones\\\/\",\"name\":\"Terminos y Condiciones - Oli de Mallorca | Aceite de oliva de Mallorca\",\"isPartOf\":{\"@id\":\"https:\\\/\\\/oli-de-mallorca.com\\\/#website\"},\"datePublished\":\"2021-02-09T16:13:32+00:00\",\"dateModified\":\"2021-02-09T16:13:33+00:00\",\"breadcrumb\":{\"@id\":\"https:\\\/\\\/oli-de-mallorca.com\\\/ca\\\/terminos-y-condiciones\\\/#breadcrumb\"},\"inLanguage\":\"ca\",\"potentialAction\":[{\"@type\":\"ReadAction\",\"target\":[\"https:\\\/\\\/oli-de-mallorca.com\\\/ca\\\/terminos-y-condiciones\\\/\"]}]},{\"@type\":\"BreadcrumbList\",\"@id\":\"https:\\\/\\\/oli-de-mallorca.com\\\/ca\\\/terminos-y-condiciones\\\/#breadcrumb\",\"itemListElement\":[{\"@type\":\"ListItem\",\"position\":1,\"name\":\"Home\",\"item\":\"https:\\\/\\\/oli-de-mallorca.com\\\/ca\\\/\"},{\"@type\":\"ListItem\",\"position\":2,\"name\":\"Terminos y Condiciones\"}]},{\"@type\":\"WebSite\",\"@id\":\"https:\\\/\\\/oli-de-mallorca.com\\\/#website\",\"url\":\"https:\\\/\\\/oli-de-mallorca.com\\\/\",\"name\":\"Oli de Mallorca | Aceite de oliva de Mallorca\",\"description\":\"Aceite de oliva virgen de Mallorca. Majorca Olive Oil extra virgin\",\"publisher\":{\"@id\":\"https:\\\/\\\/oli-de-mallorca.com\\\/#organization\"},\"potentialAction\":[{\"@type\":\"SearchAction\",\"target\":{\"@type\":\"EntryPoint\",\"urlTemplate\":\"https:\\\/\\\/oli-de-mallorca.com\\\/?s={search_term_string}\"},\"query-input\":{\"@type\":\"PropertyValueSpecification\",\"valueRequired\":true,\"valueName\":\"search_term_string\"}}],\"inLanguage\":\"ca\"},{\"@type\":\"Organization\",\"@id\":\"https:\\\/\\\/oli-de-mallorca.com\\\/#organization\",\"name\":\"Monnaber Nou\",\"url\":\"https:\\\/\\\/oli-de-mallorca.com\\\/\",\"logo\":{\"@type\":\"ImageObject\",\"inLanguage\":\"ca\",\"@id\":\"https:\\\/\\\/oli-de-mallorca.com\\\/#\\\/schema\\\/logo\\\/image\\\/\",\"url\":\"https:\\\/\\\/oli-de-mallorca.com\\\/wp-content\\\/uploads\\\/2020\\\/11\\\/0S1A9695-e1488972981598-683x1024-1.jpg\",\"contentUrl\":\"https:\\\/\\\/oli-de-mallorca.com\\\/wp-content\\\/uploads\\\/2020\\\/11\\\/0S1A9695-e1488972981598-683x1024-1.jpg\",\"width\":683,\"height\":1024,\"caption\":\"Monnaber Nou\"},\"image\":{\"@id\":\"https:\\\/\\\/oli-de-mallorca.com\\\/#\\\/schema\\\/logo\\\/image\\\/\"}}]}<\/script>\n<!-- \/ Yoast SEO plugin. -->","yoast_head_json":{"title":"Terminos y Condiciones - Oli de Mallorca | Aceite de oliva de Mallorca","robots":{"index":"index","follow":"follow","max-snippet":"max-snippet:-1","max-image-preview":"max-image-preview:large","max-video-preview":"max-video-preview:-1"},"canonical":"https:\/\/oli-de-mallorca.com\/ca\/terminos-y-condiciones\/","og_locale":"ca_ES","og_type":"article","og_title":"Terminos y Condiciones - Oli de Mallorca | Aceite de oliva de Mallorca","og_description":"1.GENERAL Los t\u00e9rminos y condiciones generales se aplican a todos los contratos, entregas y servicios. Todos los acuerdos colaterales o adiciones requieren nuestra confirmaci\u00f3n por escrito.Finca [\u2026]","og_url":"https:\/\/oli-de-mallorca.com\/ca\/terminos-y-condiciones\/","og_site_name":"Oli de Mallorca | Aceite de oliva de Mallorca","article_modified_time":"2021-02-09T16:13:33+00:00","twitter_card":"summary_large_image","twitter_misc":{"Est. reading time":"6 minutes"},"schema":{"@context":"https:\/\/schema.org","@graph":[{"@type":"WebPage","@id":"https:\/\/oli-de-mallorca.com\/ca\/terminos-y-condiciones\/","url":"https:\/\/oli-de-mallorca.com\/ca\/terminos-y-condiciones\/","name":"Terminos y Condiciones - Oli de Mallorca | Aceite de oliva de Mallorca","isPartOf":{"@id":"https:\/\/oli-de-mallorca.com\/#website"},"datePublished":"2021-02-09T16:13:32+00:00","dateModified":"2021-02-09T16:13:33+00:00","breadcrumb":{"@id":"https:\/\/oli-de-mallorca.com\/ca\/terminos-y-condiciones\/#breadcrumb"},"inLanguage":"ca","potentialAction":[{"@type":"ReadAction","target":["https:\/\/oli-de-mallorca.com\/ca\/terminos-y-condiciones\/"]}]},{"@type":"BreadcrumbList","@id":"https:\/\/oli-de-mallorca.com\/ca\/terminos-y-condiciones\/#breadcrumb","itemListElement":[{"@type":"ListItem","position":1,"name":"Home","item":"https:\/\/oli-de-mallorca.com\/ca\/"},{"@type":"ListItem","position":2,"name":"Terminos y Condiciones"}]},{"@type":"WebSite","@id":"https:\/\/oli-de-mallorca.com\/#website","url":"https:\/\/oli-de-mallorca.com\/","name":"Oli de Mallorca | Aceite de oliva de Mallorca","description":"Aceite de oliva virgen de Mallorca. Majorca Olive Oil extra virgin","publisher":{"@id":"https:\/\/oli-de-mallorca.com\/#organization"},"potentialAction":[{"@type":"SearchAction","target":{"@type":"EntryPoint","urlTemplate":"https:\/\/oli-de-mallorca.com\/?s={search_term_string}"},"query-input":{"@type":"PropertyValueSpecification","valueRequired":true,"valueName":"search_term_string"}}],"inLanguage":"ca"},{"@type":"Organization","@id":"https:\/\/oli-de-mallorca.com\/#organization","name":"Monnaber Nou","url":"https:\/\/oli-de-mallorca.com\/","logo":{"@type":"ImageObject","inLanguage":"ca","@id":"https:\/\/oli-de-mallorca.com\/#\/schema\/logo\/image\/","url":"https:\/\/oli-de-mallorca.com\/wp-content\/uploads\/2020\/11\/0S1A9695-e1488972981598-683x1024-1.jpg","contentUrl":"https:\/\/oli-de-mallorca.com\/wp-content\/uploads\/2020\/11\/0S1A9695-e1488972981598-683x1024-1.jpg","width":683,"height":1024,"caption":"Monnaber Nou"},"image":{"@id":"https:\/\/oli-de-mallorca.com\/#\/schema\/logo\/image\/"}}]}},"_links":{"self":[{"href":"https:\/\/oli-de-mallorca.com\/ca\/wp-json\/wp\/v2\/pages\/566","targetHints":{"allow":["GET"]}}],"collection":[{"href":"https:\/\/oli-de-mallorca.com\/ca\/wp-json\/wp\/v2\/pages"}],"about":[{"href":"https:\/\/oli-de-mallorca.com\/ca\/wp-json\/wp\/v2\/types\/page"}],"author":[{"embeddable":true,"href":"https:\/\/oli-de-mallorca.com\/ca\/wp-json\/wp\/v2\/users\/1"}],"replies":[{"embeddable":true,"href":"https:\/\/oli-de-mallorca.com\/ca\/wp-json\/wp\/v2\/comments?post=566"}],"version-history":[{"count":1,"href":"https:\/\/oli-de-mallorca.com\/ca\/wp-json\/wp\/v2\/pages\/566\/revisions"}],"predecessor-version":[{"id":567,"href":"https:\/\/oli-de-mallorca.com\/ca\/wp-json\/wp\/v2\/pages\/566\/revisions\/567"}],"wp:attachment":[{"href":"https:\/\/oli-de-mallorca.com\/ca\/wp-json\/wp\/v2\/media?parent=566"}],"curies":[{"name":"wp","href":"https:\/\/api.w.org\/{rel}","templated":true}]}}