{"id":415,"date":"2020-07-13T08:23:27","date_gmt":"2020-07-13T06:23:27","guid":{"rendered":"https:\/\/oli-de-mallorca.com\/?post_type=product&#038;p=415"},"modified":"2020-07-13T08:24:47","modified_gmt":"2020-07-13T06:24:47","slug":"aluminiumdose-250ml","status":"publish","type":"product","link":"https:\/\/oli-de-mallorca.com\/de\/product\/aluminiumdose-250ml\/","title":{"rendered":"Aluminiumdose 250ml"},"content":{"rendered":"","protected":false},"excerpt":{"rendered":"<p>Bio Natives Oliven\u00f6l Extra 100% mallorquinische Olive von hundertj\u00e4hrigen Olivenb\u00e4umen.<\/p>\n","protected":false},"featured_media":329,"template":"","meta":[],"product_brand":[],"product_cat":[57,37],"product_tag":[],"class_list":{"0":"post-415","1":"product","2":"type-product","3":"status-publish","4":"has-post-thumbnail","6":"product_cat-aluminiumdose","7":"product_cat-glasflasche","9":"first","10":"outofstock","11":"purchasable","12":"product-type-simple"},"yoast_head":"<!-- This site is optimized with the Yoast SEO plugin v27.3 - https:\/\/yoast.com\/product\/yoast-seo-wordpress\/ -->\n<title>Aluminiumdose 250ml - Oli de Mallorca | Aceite de oliva de Mallorca<\/title>\n<meta name=\"robots\" content=\"index, follow, max-snippet:-1, max-image-preview:large, max-video-preview:-1\" \/>\n<link rel=\"canonical\" href=\"https:\/\/oli-de-mallorca.com\/product\/aluminum-can-250ml\/\" \/>\n<meta property=\"og:locale\" content=\"de_DE\" \/>\n<meta property=\"og:type\" content=\"article\" \/>\n<meta property=\"og:title\" content=\"Aluminiumdose 250ml - Oli de Mallorca | Aceite de oliva de Mallorca\" \/>\n<meta property=\"og:description\" content=\"Bio Natives Oliven\u00f6l Extra 100% mallorquinische Olive von hundertj\u00e4hrigen Olivenb\u00e4umen.\" \/>\n<meta property=\"og:url\" content=\"https:\/\/oli-de-mallorca.com\/product\/aluminum-can-250ml\/\" \/>\n<meta property=\"og:site_name\" content=\"Oli de Mallorca | Aceite de oliva de Mallorca\" \/>\n<meta property=\"article:modified_time\" content=\"2020-07-13T06:24:47+00:00\" \/>\n<meta property=\"og:image\" content=\"https:\/\/oli-de-mallorca.com\/wp-content\/uploads\/2020\/05\/lata.jpg\" \/>\n\t<meta property=\"og:image:width\" content=\"400\" \/>\n\t<meta property=\"og:image:height\" content=\"533\" \/>\n\t<meta property=\"og:image:type\" content=\"image\/jpeg\" \/>\n<meta name=\"twitter:card\" content=\"summary_large_image\" \/>\n<script type=\"application\/ld+json\" class=\"yoast-schema-graph\">{\"@context\":\"https:\\\/\\\/schema.org\",\"@graph\":[{\"@type\":\"WebPage\",\"@id\":\"https:\\\/\\\/oli-de-mallorca.com\\\/product\\\/aluminum-can-250ml\\\/\",\"url\":\"https:\\\/\\\/oli-de-mallorca.com\\\/product\\\/aluminum-can-250ml\\\/\",\"name\":\"Aluminiumdose 250ml - Oli de Mallorca | Aceite de oliva de Mallorca\",\"isPartOf\":{\"@id\":\"https:\\\/\\\/oli-de-mallorca.com\\\/#website\"},\"primaryImageOfPage\":{\"@id\":\"https:\\\/\\\/oli-de-mallorca.com\\\/product\\\/aluminum-can-250ml\\\/#primaryimage\"},\"image\":{\"@id\":\"https:\\\/\\\/oli-de-mallorca.com\\\/product\\\/aluminum-can-250ml\\\/#primaryimage\"},\"thumbnailUrl\":\"https:\\\/\\\/oli-de-mallorca.com\\\/wp-content\\\/uploads\\\/2020\\\/05\\\/lata.jpg\",\"datePublished\":\"2020-07-13T06:23:27+00:00\",\"dateModified\":\"2020-07-13T06:24:47+00:00\",\"breadcrumb\":{\"@id\":\"https:\\\/\\\/oli-de-mallorca.com\\\/product\\\/aluminum-can-250ml\\\/#breadcrumb\"},\"inLanguage\":\"de-DE\",\"potentialAction\":[{\"@type\":\"ReadAction\",\"target\":[\"https:\\\/\\\/oli-de-mallorca.com\\\/product\\\/aluminum-can-250ml\\\/\"]}]},{\"@type\":\"ImageObject\",\"inLanguage\":\"de-DE\",\"@id\":\"https:\\\/\\\/oli-de-mallorca.com\\\/product\\\/aluminum-can-250ml\\\/#primaryimage\",\"url\":\"https:\\\/\\\/oli-de-mallorca.com\\\/wp-content\\\/uploads\\\/2020\\\/05\\\/lata.jpg\",\"contentUrl\":\"https:\\\/\\\/oli-de-mallorca.com\\\/wp-content\\\/uploads\\\/2020\\\/05\\\/lata.jpg\",\"width\":400,\"height\":533},{\"@type\":\"BreadcrumbList\",\"@id\":\"https:\\\/\\\/oli-de-mallorca.com\\\/product\\\/aluminum-can-250ml\\\/#breadcrumb\",\"itemListElement\":[{\"@type\":\"ListItem\",\"position\":1,\"name\":\"Home\",\"item\":\"https:\\\/\\\/oli-de-mallorca.com\\\/de\\\/\"},{\"@type\":\"ListItem\",\"position\":2,\"name\":\"Shop\",\"item\":\"https:\\\/\\\/oli-de-mallorca.com\\\/de\\\/shop\\\/\"},{\"@type\":\"ListItem\",\"position\":3,\"name\":\"Aluminiumdose 250ml\"}]},{\"@type\":\"WebSite\",\"@id\":\"https:\\\/\\\/oli-de-mallorca.com\\\/#website\",\"url\":\"https:\\\/\\\/oli-de-mallorca.com\\\/\",\"name\":\"Oli de Mallorca | Aceite de oliva de Mallorca\",\"description\":\"Aceite de oliva virgen de Mallorca. Majorca Olive Oil extra virgin\",\"publisher\":{\"@id\":\"https:\\\/\\\/oli-de-mallorca.com\\\/#organization\"},\"potentialAction\":[{\"@type\":\"SearchAction\",\"target\":{\"@type\":\"EntryPoint\",\"urlTemplate\":\"https:\\\/\\\/oli-de-mallorca.com\\\/?s={search_term_string}\"},\"query-input\":{\"@type\":\"PropertyValueSpecification\",\"valueRequired\":true,\"valueName\":\"search_term_string\"}}],\"inLanguage\":\"de-DE\"},{\"@type\":\"Organization\",\"@id\":\"https:\\\/\\\/oli-de-mallorca.com\\\/#organization\",\"name\":\"Monnaber Nou\",\"url\":\"https:\\\/\\\/oli-de-mallorca.com\\\/\",\"logo\":{\"@type\":\"ImageObject\",\"inLanguage\":\"de-DE\",\"@id\":\"https:\\\/\\\/oli-de-mallorca.com\\\/#\\\/schema\\\/logo\\\/image\\\/\",\"url\":\"https:\\\/\\\/oli-de-mallorca.com\\\/wp-content\\\/uploads\\\/2020\\\/11\\\/0S1A9695-e1488972981598-683x1024-1.jpg\",\"contentUrl\":\"https:\\\/\\\/oli-de-mallorca.com\\\/wp-content\\\/uploads\\\/2020\\\/11\\\/0S1A9695-e1488972981598-683x1024-1.jpg\",\"width\":683,\"height\":1024,\"caption\":\"Monnaber Nou\"},\"image\":{\"@id\":\"https:\\\/\\\/oli-de-mallorca.com\\\/#\\\/schema\\\/logo\\\/image\\\/\"}}]}<\/script>\n<!-- \/ Yoast SEO plugin. -->","yoast_head_json":{"title":"Aluminiumdose 250ml - Oli de Mallorca | Aceite de oliva de Mallorca","robots":{"index":"index","follow":"follow","max-snippet":"max-snippet:-1","max-image-preview":"max-image-preview:large","max-video-preview":"max-video-preview:-1"},"canonical":"https:\/\/oli-de-mallorca.com\/product\/aluminum-can-250ml\/","og_locale":"de_DE","og_type":"article","og_title":"Aluminiumdose 250ml - Oli de Mallorca | Aceite de oliva de Mallorca","og_description":"Bio Natives Oliven\u00f6l Extra 100% mallorquinische Olive von hundertj\u00e4hrigen Olivenb\u00e4umen.","og_url":"https:\/\/oli-de-mallorca.com\/product\/aluminum-can-250ml\/","og_site_name":"Oli de Mallorca | Aceite de oliva de Mallorca","article_modified_time":"2020-07-13T06:24:47+00:00","og_image":[{"width":400,"height":533,"url":"https:\/\/oli-de-mallorca.com\/wp-content\/uploads\/2020\/05\/lata.jpg","type":"image\/jpeg"}],"twitter_card":"summary_large_image","schema":{"@context":"https:\/\/schema.org","@graph":[{"@type":"WebPage","@id":"https:\/\/oli-de-mallorca.com\/product\/aluminum-can-250ml\/","url":"https:\/\/oli-de-mallorca.com\/product\/aluminum-can-250ml\/","name":"Aluminiumdose 250ml - Oli de Mallorca | Aceite de oliva de Mallorca","isPartOf":{"@id":"https:\/\/oli-de-mallorca.com\/#website"},"primaryImageOfPage":{"@id":"https:\/\/oli-de-mallorca.com\/product\/aluminum-can-250ml\/#primaryimage"},"image":{"@id":"https:\/\/oli-de-mallorca.com\/product\/aluminum-can-250ml\/#primaryimage"},"thumbnailUrl":"https:\/\/oli-de-mallorca.com\/wp-content\/uploads\/2020\/05\/lata.jpg","datePublished":"2020-07-13T06:23:27+00:00","dateModified":"2020-07-13T06:24:47+00:00","breadcrumb":{"@id":"https:\/\/oli-de-mallorca.com\/product\/aluminum-can-250ml\/#breadcrumb"},"inLanguage":"de-DE","potentialAction":[{"@type":"ReadAction","target":["https:\/\/oli-de-mallorca.com\/product\/aluminum-can-250ml\/"]}]},{"@type":"ImageObject","inLanguage":"de-DE","@id":"https:\/\/oli-de-mallorca.com\/product\/aluminum-can-250ml\/#primaryimage","url":"https:\/\/oli-de-mallorca.com\/wp-content\/uploads\/2020\/05\/lata.jpg","contentUrl":"https:\/\/oli-de-mallorca.com\/wp-content\/uploads\/2020\/05\/lata.jpg","width":400,"height":533},{"@type":"BreadcrumbList","@id":"https:\/\/oli-de-mallorca.com\/product\/aluminum-can-250ml\/#breadcrumb","itemListElement":[{"@type":"ListItem","position":1,"name":"Home","item":"https:\/\/oli-de-mallorca.com\/de\/"},{"@type":"ListItem","position":2,"name":"Shop","item":"https:\/\/oli-de-mallorca.com\/de\/shop\/"},{"@type":"ListItem","position":3,"name":"Aluminiumdose 250ml"}]},{"@type":"WebSite","@id":"https:\/\/oli-de-mallorca.com\/#website","url":"https:\/\/oli-de-mallorca.com\/","name":"Oli de Mallorca | Aceite de oliva de Mallorca","description":"Aceite de oliva virgen de Mallorca. Majorca Olive Oil extra virgin","publisher":{"@id":"https:\/\/oli-de-mallorca.com\/#organization"},"potentialAction":[{"@type":"SearchAction","target":{"@type":"EntryPoint","urlTemplate":"https:\/\/oli-de-mallorca.com\/?s={search_term_string}"},"query-input":{"@type":"PropertyValueSpecification","valueRequired":true,"valueName":"search_term_string"}}],"inLanguage":"de-DE"},{"@type":"Organization","@id":"https:\/\/oli-de-mallorca.com\/#organization","name":"Monnaber Nou","url":"https:\/\/oli-de-mallorca.com\/","logo":{"@type":"ImageObject","inLanguage":"de-DE","@id":"https:\/\/oli-de-mallorca.com\/#\/schema\/logo\/image\/","url":"https:\/\/oli-de-mallorca.com\/wp-content\/uploads\/2020\/11\/0S1A9695-e1488972981598-683x1024-1.jpg","contentUrl":"https:\/\/oli-de-mallorca.com\/wp-content\/uploads\/2020\/11\/0S1A9695-e1488972981598-683x1024-1.jpg","width":683,"height":1024,"caption":"Monnaber Nou"},"image":{"@id":"https:\/\/oli-de-mallorca.com\/#\/schema\/logo\/image\/"}}]}},"_links":{"self":[{"href":"https:\/\/oli-de-mallorca.com\/de\/wp-json\/wp\/v2\/product\/415","targetHints":{"allow":["GET"]}}],"collection":[{"href":"https:\/\/oli-de-mallorca.com\/de\/wp-json\/wp\/v2\/product"}],"about":[{"href":"https:\/\/oli-de-mallorca.com\/de\/wp-json\/wp\/v2\/types\/product"}],"wp:featuredmedia":[{"embeddable":true,"href":"https:\/\/oli-de-mallorca.com\/de\/wp-json\/wp\/v2\/media\/329"}],"wp:attachment":[{"href":"https:\/\/oli-de-mallorca.com\/de\/wp-json\/wp\/v2\/media?parent=415"}],"wp:term":[{"taxonomy":"product_brand","embeddable":true,"href":"https:\/\/oli-de-mallorca.com\/de\/wp-json\/wp\/v2\/product_brand?post=415"},{"taxonomy":"product_cat","embeddable":true,"href":"https:\/\/oli-de-mallorca.com\/de\/wp-json\/wp\/v2\/product_cat?post=415"},{"taxonomy":"product_tag","embeddable":true,"href":"https:\/\/oli-de-mallorca.com\/de\/wp-json\/wp\/v2\/product_tag?post=415"}],"curies":[{"name":"wp","href":"https:\/\/api.w.org\/{rel}","templated":true}]}}